{"id":10145,"date":"2025-10-22T15:58:24","date_gmt":"2025-10-22T12:58:24","guid":{"rendered":"https:\/\/www.oybir.org\/energy-law-congress-2025\/"},"modified":"2026-04-06T13:41:14","modified_gmt":"2026-04-06T10:41:14","slug":"energy-law-congress-2025","status":"publish","type":"page","link":"https:\/\/www.oybir.org\/en\/energy-law-congress-2025\/","title":{"rendered":"Energy Law Congress 2025"},"content":{"rendered":"<p>[vc_row full_width=&#8221;stretch_row_content&#8221; full_height=&#8221;yes&#8221; css=&#8221;.vc_custom_1775471758269{padding-top: 50px !important;padding-bottom: 50px !important;background-image: url(https:\/\/www.oybir.org\/wp-content\/uploads\/2025\/10\/Enerji-Hukuku-Kongresi.jpg?id=7801) !important;}&#8221;][vc_column][vc_custom_heading icon_pos=&#8221;top&#8221; stm_title_font_weight=&#8221;700&#8243; text=&#8221;A Gathering Shaping the Future of the Sector&#8221; font_container=&#8221;tag:h1|text_align:center|color:%23FFCE32&#8243; google_fonts=&#8221;font_family:Arimo%3Aregular%2Citalic%2C700%2C700italic|font_style:700%20bold%20regular%3A700%3Anormal&#8221; css=&#8221;&#8221; subtitle=&#8221;25 \u015eubat 2025&#8243; subtitle_color=&#8221;#FFFFFF&#8221;][vc_row_inner gap=&#8221;20&#8243; css=&#8221;.vc_custom_1761142075792{padding-top: 50px !important;padding-bottom: 50px !important;}&#8221;][vc_column_inner width=&#8221;1\/2&#8243;][vc_column_text css=&#8221;&#8221;]<\/p>\n<div class=\"dash\">\n<p><span style=\"color: #ffffff; font-size: 16px;\">Energy law is a critical field that requires sector professionals to remain continuously up to date due to rapidly evolving market dynamics and regulatory frameworks.<br \/>\nIn this context, the Energy Law Congress, organized by the Oy Birli\u011fi Association in collaboration with the Energy Experts Association and Marmara University, brought together sector leaders, academics, and legal practitioners to discuss legal regulations and forward-looking strategies in energy markets.<br \/>\nThis prestigious event was held with the participation of the Energy Market Regulatory Authority (EMRA) and Energy Markets Operation Inc. (EP\u0130A\u015e), and hosted leading legal scholars, energy experts, and representatives of the business community in T\u00fcrkiye.<\/span><\/p>\n<\/div>\n<p>[\/vc_column_text][vc_column_text css=&#8221;&#8221;]<\/p>\n<div class=\"dash\">\n<h3><span class=\"headline\" style=\"color: #ffffff;\">Opening Speakers<\/span><\/h3>\n<\/div>\n<div class=\"btSubTitle\">Assoc. Prof. Dr. H\u00fcseyin Melih \u00c7AKIR \u2013 President, Oy Birli\u011fi Association<br \/>\nAhmet \u00d6ZKAYA \u2013 President, Energy Experts Association<br \/>\nProf. Dr. Mehmet AKMAN \u2013 Dean, Faculty of Law, Marmara University<br \/>\nProf. Dr. Mustafa KURT \u2013 Rector, Marmara University<br \/>\nMustafa YILMAZ \u2013 President, Energy Market Regulatory Board<\/div>\n<p>[\/vc_column_text][\/vc_column_inner][vc_column_inner width=&#8221;1\/2&#8243;][vc_single_image image=&#8221;9456&#8243; img_size=&#8221;300&#215;450&#8243; alignment=&#8221;right&#8221; style=&#8221;vc_box_rounded&#8221; onclick=&#8221;custom_link&#8221; img_link_target=&#8221;_blank&#8221; css_animation=&#8221;fadeIn&#8221; css=&#8221;&#8221; link=&#8221;\/yayinlar\/enerji-hukuk-kongresi-kitap\/&#8221;][\/vc_column_inner][\/vc_row_inner][\/vc_column][\/vc_row][vc_row][vc_column][vc_row_inner css=&#8221;.vc_custom_1761140711167{padding-top: 50px !important;padding-bottom: 50px !important;}&#8221;][vc_column_inner width=&#8221;1\/3&#8243;][vc_hoverbox image=&#8221;9356&#8243; primary_title=&#8221;Enerji Piyasalar\u0131n\u0131n Olu\u015fumu ve Reg\u00fclasyon&#8221; primary_title_font_container=&#8221;color:%23FFFFFF&#8221; primary_title_google_fonts=&#8221;font_family:Archivo%20Narrow%3Aregular%2Citalic%2C700%2C700italic|font_style:700%20bold%20regular%3A700%3Anormal&#8221; hover_title=&#8221;1. Oturum&#8221; hover_background_color=&#8221;custom&#8221; hover_custom_background=&#8221;#FFCE32&#8243; use_custom_fonts_primary_title=&#8221;true&#8221;]<\/p>\n<div class=\"dash\">\n<p style=\"text-align: center;\"><strong>Moderat\u00f6r<br \/>\n<\/strong>Hac\u0131 Ali ULUTA\u015e<br \/>\n(EPDK Ba\u015fkan Yard\u0131mc\u0131s\u0131)<\/p>\n<p style=\"text-align: left;\"><span style=\"font-size: 16px; color: #000000;\"><strong>Elif YILDIRIM <\/strong>&#8211; EPDK Hukuk Dairesi Ba\u015fkan\u0131<br \/>\n<\/span><i style=\"color: #000000;\">EPDK\u2019n\u0131n Enerji Piyasalar\u0131ndaki Reg\u00fclasyon G\u00f6revi Ve Yarg\u0131sal S\u00fcre\u00e7<\/i><\/p>\n<\/div>\n<p class=\"btSubTitle\" style=\"text-align: left;\"><span style=\"color: #000000;\"><strong>Prof. Dr. Nur KAMAN <\/strong>&#8211; \u0130stanbul Medeniyet \u00dcniversitesi Hukuk Fak\u00fcltesi \u0130dare Hukuku ABD.<br \/>\n<\/span><span style=\"color: #000000;\"><i>Elektrik Piyasas\u0131 Yapt\u0131r\u0131mlar\u0131n\u0131n Yarg\u0131 Kararlar\u0131 \u00c7er\u00e7evesinde De\u011ferlendirilmesi<\/i><\/span><\/p>\n<p class=\"btSubTitle\" style=\"text-align: left;\"><span style=\"color: #000000;\"><strong>Dr. Erkam YILMAZ <\/strong>&#8211; \u0130stanbul Medipol \u00dcniversitesi Hukuk Fak\u00fcltesi Ceza ve Ceza Muhakemesi Hukuku ABD.<br \/>\n<\/span><span style=\"color: #000000;\"><i>Enerji Mevzuat\u0131 \u00c7er\u00e7evesinde Kabahatlar Hukukunda Fiil Tekli\u011fi<\/i><\/span><\/p>\n<p>[\/vc_hoverbox][\/vc_column_inner][vc_column_inner width=&#8221;1\/3&#8243;][vc_hoverbox image=&#8221;9356&#8243; primary_title=&#8221;Elektrik Piyasas\u0131nda Ya\u015fanan Hukuksal Sorunlar ve \u00c7\u00f6z\u00fcm \u00d6nerileri-I&#8221; primary_title_font_container=&#8221;color:%23FFFFFF&#8221; primary_title_google_fonts=&#8221;font_family:Archivo%20Narrow%3Aregular%2Citalic%2C700%2C700italic|font_style:700%20bold%20regular%3A700%3Anormal&#8221; hover_title=&#8221;2. Oturum&#8221; hover_background_color=&#8221;custom&#8221; hover_custom_background=&#8221;#FFCE32&#8243; use_custom_fonts_primary_title=&#8221;true&#8221;]<\/p>\n<div class=\"dash\">\n<p style=\"text-align: center;\"><strong>Moderat\u00f6r<br \/>\n<\/strong>Ahmet \u00d6ZKAYA<br \/>\n(T.C. Enerji ve Tabii Kaynaklar Bakanl\u0131\u011f\u0131 Enerji \u0130\u015fleri Genel M\u00fcd\u00fcr\u00fc)<\/p>\n<\/div>\n<p class=\"btSubTitle\" style=\"text-align: left;\"><strong>Deniz DA\u015eTAN <\/strong>&#8211; EPDK Elektrik Piyasas\u0131 Daire Ba\u015fkan\u0131<br \/>\n<i>Elektrik Ticaretinde Yeni Bir Faaliyet Olarak \u201cToplay\u0131c\u0131l\u0131k\u201d ve Hukuki \u00c7er\u00e7evesi<\/i><\/p>\n<p class=\"btSubTitle\" style=\"text-align: left;\"><strong>Prof. Dr. H. Murat DEVEL\u0130O\u011eLU <\/strong>&#8211; Galatasaray \u00dcniversitesi Hukuk Fak\u00fcltesi Medeni Hukuk ABD.<br \/>\n<i>Anahtar Teslim GES Kurulumu S\u00f6zle\u015fmesi Ba\u011flam\u0131nda Uygulamada Ortaya \u00c7\u0131kan Baz\u0131 Problemler<\/i><\/p>\n<p class=\"btSubTitle\" style=\"text-align: left;\"><strong>Av. Mustafa YA\u011eCI <\/strong>&#8211; Enerji Verimlili\u011fi Derne\u011fi Denetleme Kurulu \u00dcyesi<br \/>\n<i>EPDK Taraf\u0131ndan Y\u00fcr\u00fct\u00fclen Ta\u015f\u0131nmaz Temini \u0130\u015flemleri Kapsam\u0131nda Acele El Koyma Davalar\u0131<\/i><\/p>\n<p>[\/vc_hoverbox][\/vc_column_inner][vc_column_inner width=&#8221;1\/3&#8243;][vc_hoverbox image=&#8221;9356&#8243; primary_title=&#8221;Elektrik Piyasas\u0131nda Ya\u015fanan Hukuksal Sorunlar ve \u00c7\u00f6z\u00fcm \u00d6nerileri-II&#8221; primary_title_font_container=&#8221;color:%23FFFFFF&#8221; primary_title_google_fonts=&#8221;font_family:Archivo%20Narrow%3Aregular%2Citalic%2C700%2C700italic|font_style:700%20bold%20regular%3A700%3Anormal&#8221; hover_title=&#8221;3. Oturum&#8221; hover_background_color=&#8221;custom&#8221; hover_custom_background=&#8221;#FFCE32&#8243; use_custom_fonts_primary_title=&#8221;true&#8221;]<\/p>\n<div class=\"dash\">\n<p style=\"text-align: center;\"><strong>Moderat\u00f6r<br \/>\n<\/strong>Etem \u00c7EKER<br \/>\n(T.C. Enerji ve Tabii Kaynaklar Bakanl\u0131\u011f\u0131, Hukuk Hizmetleri Genel M\u00fcd\u00fcr\u00fc V.)<\/p>\n<\/div>\n<p class=\"btSubTitle\" style=\"text-align: left;\"><strong>Ezgi \u015eahin G\u00dcNEL <\/strong>&#8211; ETK Uzman\u0131<br \/>\n<i>YEKA S\u00fcreci ve YEKA\u2019lar\u0131n Hukuki Y\u00f6nden De\u011ferlendirilmesi<\/i><\/p>\n<p class=\"btSubTitle\" style=\"text-align: left;\"><strong>Dr. \u00d6\u011fr. \u00dcyesi Muhammet Emin B\u0130NG\u00d6L <\/strong>&#8211; \u0130stanbul Medipol \u00dcniversitesi Hukuk Fak\u00fcltesi Ticaret Hukuku ABD.<br \/>\n<i>Enerji \u015eirketlerinin Pay Devrinde EPDK\u2019n\u0131n Rol\u00fc<\/i><\/p>\n<p class=\"btSubTitle\" style=\"text-align: left;\"><strong>Turgay G\u00dcLTEN <\/strong>&#8211; ELDER Hukuk Koordinat\u00f6r\u00fc<br \/>\n<i>Elektrik Da\u011f\u0131t\u0131m Faaliyetlerinde Yapay Zek\u00e2 Kullan\u0131m\u0131 Ve Muhtemel Hukuki Riskler<\/i><\/p>\n<p>[\/vc_hoverbox][\/vc_column_inner][\/vc_row_inner][vc_row_inner css=&#8221;.vc_custom_1761140711167{padding-top: 50px !important;padding-bottom: 50px !important;}&#8221;][vc_column_inner width=&#8221;1\/3&#8243;][vc_hoverbox image=&#8221;9356&#8243; primary_title=&#8221;Enerji Piyasalar\u0131nda Enerji Ticareti&#8221; primary_title_font_container=&#8221;color:%23FFFFFF&#8221; primary_title_google_fonts=&#8221;font_family:Archivo%20Narrow%3Aregular%2Citalic%2C700%2C700italic|font_style:700%20bold%20regular%3A700%3Anormal&#8221; hover_title=&#8221;4. Oturum&#8221; hover_background_color=&#8221;custom&#8221; hover_custom_background=&#8221;#FFCE32&#8243; use_custom_fonts_primary_title=&#8221;true&#8221;]<\/p>\n<div class=\"dash\">\n<p style=\"text-align: center;\"><strong>Moderat\u00f6r<br \/>\n<\/strong>Mehmet ERT\u00dcRK<br \/>\n(EP\u0130A\u015e Y\u00f6netim Kurulu \u00dcyesi)<\/p>\n<p style=\"text-align: left;\"><strong>Derya ERBAY <\/strong>&#8211; EP\u0130A\u015e Mevzuat ve Uyum M\u00fcd\u00fcr\u00fc<br \/>\n<i>Organize Toptan Elektrik Piyasalar\u0131nda Edimlerin Yerine Getirilmemesinin Hukuki Sonu\u00e7lar\u0131<\/i><\/p>\n<p style=\"text-align: left;\"><strong>Do\u00e7. Dr. Onur KAPLAN <\/strong>&#8211; Ya\u015far \u00dcniversitesi Hukuk Fak\u00fcltesi \u0130dare Hukuku ABD.<br \/>\n<i>\u0130dare Hukuku Boyutuyla YEK-G Sistemi (Yenilenebilir Kaynak Garanti Sistemi) ve EP\u0130A\u015e\u2019\u0131n Rol\u00fc<\/i><\/p>\n<p style=\"text-align: left;\"><strong>Zeynep KALAYCI <\/strong>&#8211; Enerjisa \u00dcretim Ba\u015f Hukuk M\u00fc\u015faviri<br \/>\n<i>Elektrik Ticaretindeki Sorunlara Hukuksal Bak\u0131\u015f Ve S\u00f6zle\u015fmelerin Mevcut Uygulamalardaki \u00d6nemi<\/i><\/p>\n<\/div>\n<p>[\/vc_hoverbox][\/vc_column_inner][vc_column_inner width=&#8221;1\/3&#8243;][vc_hoverbox image=&#8221;9356&#8243; primary_title=&#8221;Akaryak\u0131t Piyasas\u0131&#8221; primary_title_font_container=&#8221;color:%23FFFFFF&#8221; primary_title_google_fonts=&#8221;font_family:Archivo%20Narrow%3Aregular%2Citalic%2C700%2C700italic|font_style:700%20bold%20regular%3A700%3Anormal&#8221; hover_title=&#8221;5. Oturum&#8221; hover_background_color=&#8221;custom&#8221; hover_custom_background=&#8221;#FFCE32&#8243; use_custom_fonts_primary_title=&#8221;true&#8221;]<\/p>\n<div class=\"dash\">\n<p style=\"text-align: center;\"><strong>Moderat\u00f6r<br \/>\n<\/strong>\u0130mran OKUMU\u015e<br \/>\n(Petrol \u00dcr\u00fcnleri \u0130\u015fverenler Sendikas\u0131 (P\u00dc\u0130S) Genel Ba\u015fkan\u0131)<\/p>\n<\/div>\n<p class=\"btSubTitle\" style=\"text-align: left;\"><strong>\u00d6zg\u00fcr \u00c7AKIR <\/strong>&#8211; EPDK Petrol Piyasas\u0131 Dairesi Grup Ba\u015fkan\u0131<br \/>\n<i>5015 Say\u0131l\u0131 Petrol Piyasas\u0131 Kanununun 20 nci Maddesinin \u0130kinci F\u0131kras\u0131n\u0131n (g) Bendinin Anayasa Mahkemesi Kararlar\u0131 Kapsam\u0131nda De\u011ferlendirilmesi<\/i><\/p>\n<p class=\"btSubTitle\" style=\"text-align: left;\"><strong>Do\u00e7. Dr. Muhammed DEM\u0130REL <\/strong>&#8211; \u0130stanbul \u00dcniversitesi Hukuk Fak\u00fcltesi Ceza ve Ceza Usul Hukuku ABD.<br \/>\n<i>Akaryak\u0131t Ka\u00e7ak\u00e7\u0131l\u0131\u011f\u0131 Su\u00e7u<\/i><\/p>\n<p class=\"btSubTitle\" style=\"text-align: left;\"><strong>Cevza LANDA\u0130S <\/strong>&#8211; Oyak Enerji Hukuk M\u00fc\u015faviri<br \/>\n<i>Akaryak\u0131t ve LPG Piyasalar\u0131nda Promosyon Yasa\u011f\u0131<\/i><\/p>\n<p>[\/vc_hoverbox][\/vc_column_inner][vc_column_inner width=&#8221;1\/3&#8243;][vc_hoverbox image=&#8221;9356&#8243; primary_title=&#8221;Enerji Uyu\u015fmazl\u0131klar\u0131&#8221; primary_title_font_container=&#8221;color:%23FFFFFF&#8221; primary_title_google_fonts=&#8221;font_family:Archivo%20Narrow%3Aregular%2Citalic%2C700%2C700italic|font_style:700%20bold%20regular%3A700%3Anormal&#8221; hover_title=&#8221;6. Oturum&#8221; hover_background_color=&#8221;custom&#8221; hover_custom_background=&#8221;#FFCE32&#8243; use_custom_fonts_primary_title=&#8221;true&#8221;]<\/p>\n<div class=\"dash\">\n<p style=\"text-align: center;\"><strong>Moderat\u00f6r<br \/>\n<\/strong>Y\u0131lmaz TAMER<br \/>\n(EPDK Ba\u015fkan Yard\u0131mc\u0131s\u0131)<\/p>\n<\/div>\n<p class=\"btSubTitle\" style=\"text-align: left;\"><strong>Fatih \u00d6zg\u00fcr YEN\u0130 <\/strong>&#8211; EPDK Elektrik Denetimi Grup Ba\u015fkan\u0131<br \/>\n<i>Elektrik Piyasas\u0131 Kanunu Yapt\u0131r\u0131mlar\u0131 \u00c7er\u00e7evesinde \u201cNiteli\u011fi \u0130tibariyle D\u00fczeltilemezlik\u201d Kavram\u0131n\u0131n Tart\u0131\u015f\u0131lmas\u0131<\/i><\/p>\n<p class=\"btSubTitle\" style=\"text-align: left;\"><strong>Prof. Dr. Muhammet \u00d6ZEKES <\/strong>&#8211; Dokuz Eyl\u00fcl \u00dcniversitesi Hukuk Fak\u00fcltesi,<br \/>\nMedeni Usul ve \u0130cra \u0130flas Hukuku ABD. <i>Enerji Uyu\u015fmazl\u0131klar\u0131n\u0131n \u00c7\u00f6z\u00fcm\u00fc ve Tahkim<\/i><\/p>\n<p class=\"btSubTitle\" style=\"text-align: left;\"><strong>Can ARTI\u015e <\/strong>&#8211; SOCAR T\u00fcrkiye Reg\u00fclasyon \u0130\u015fleri M\u00fcd\u00fcr\u00fc<br \/>\n<i>Ka\u00e7ak Do\u011falgaz Kullan\u0131m\u0131n\u0131n Mahkemeler Nezdinde Su\u00e7 Olarak Kabul Edilmesinin Yaratt\u0131\u011f\u0131 Hukuki Sorunlar<\/i><\/p>\n<p>[\/vc_hoverbox][\/vc_column_inner][\/vc_row_inner][\/vc_column][\/vc_row]<\/p>\n","protected":false},"excerpt":{"rendered":"<p>[vc_row full_width=&#8221;stretch_row_content&#8221; full_height=&#8221;yes&#8221; css=&#8221;.vc_custom_1775471758269{padding-top: 50px !important;padding-bottom: 50px !important;background-image: url(https:\/\/www.oybir.org\/wp-content\/uploads\/2025\/10\/Enerji-Hukuku-Kongresi.jpg?id=7801) !important;}&#8221;][vc_column][vc_custom_heading icon_pos=&#8221;top&#8221; stm_title_font_weight=&#8221;700&#8243; text=&#8221;A Gathering Shaping the Future of the Sector&#8221; font_container=&#8221;tag:h1|text_align:center|color:%23FFCE32&#8243; google_fonts=&#8221;font_family:Arimo%3Aregular%2Citalic%2C700%2C700italic|font_style:700%20bold%20regular%3A700%3Anormal&#8221; css=&#8221;&#8221; subtitle=&#8221;25 \u015eubat 2025&#8243; subtitle_color=&#8221;#FFFFFF&#8221;][vc_row_inner gap=&#8221;20&#8243; css=&#8221;.vc_custom_1761142075792{padding-top: 50px !important;padding-bottom: 50px !important;}&#8221;][vc_column_inner width=&#8221;1\/2&#8243;][vc_column_text css=&#8221;&#8221;] Energy law is a critical field that requires sector professionals to remain continuously up to date due to rapidly evolving<\/p>\n","protected":false},"author":2,"featured_media":0,"parent":0,"menu_order":0,"comment_status":"closed","ping_status":"closed","template":"elementor_theme","meta":{"_acf_changed":false,"footnotes":""},"class_list":["post-10145","page","type-page","status-publish","hentry"],"acf":[],"_links":{"self":[{"href":"https:\/\/www.oybir.org\/en\/wp-json\/wp\/v2\/pages\/10145","targetHints":{"allow":["GET"]}}],"collection":[{"href":"https:\/\/www.oybir.org\/en\/wp-json\/wp\/v2\/pages"}],"about":[{"href":"https:\/\/www.oybir.org\/en\/wp-json\/wp\/v2\/types\/page"}],"author":[{"embeddable":true,"href":"https:\/\/www.oybir.org\/en\/wp-json\/wp\/v2\/users\/2"}],"replies":[{"embeddable":true,"href":"https:\/\/www.oybir.org\/en\/wp-json\/wp\/v2\/comments?post=10145"}],"version-history":[{"count":6,"href":"https:\/\/www.oybir.org\/en\/wp-json\/wp\/v2\/pages\/10145\/revisions"}],"predecessor-version":[{"id":10152,"href":"https:\/\/www.oybir.org\/en\/wp-json\/wp\/v2\/pages\/10145\/revisions\/10152"}],"wp:attachment":[{"href":"https:\/\/www.oybir.org\/en\/wp-json\/wp\/v2\/media?parent=10145"}],"curies":[{"name":"wp","href":"https:\/\/api.w.org\/{rel}","templated":true}]}}